{"id":475,"date":"2018-10-24T09:48:31","date_gmt":"2018-10-24T07:48:31","guid":{"rendered":"https:\/\/magazine.zhermack.com\/privacy\/"},"modified":"2018-10-24T09:51:07","modified_gmt":"2018-10-24T07:51:07","slug":"privacy","status":"publish","type":"page","link":"https:\/\/magazine.zhermack.com\/es\/privacy\/","title":{"rendered":"Privacy"},"content":{"rendered":"<p><span style=\"font-weight: 400;\">Se describen a continuaci\u00f3n las modalidades de gesti\u00f3n del sitio web en relaci\u00f3n al tratamiento de los datos personales de los usuarios que, en calidad de interesados, lo consultan.<\/span><\/p>\n<p><span style=\"font-weight: 400;\">La nota informativa que se expone a continuaci\u00f3n, con arreglo a los arts. 13 y 14 del Reglamento (UE) 2016\/679 del Parlamento europeo y del Consejo de 27 de abril de 2016 (en adelante solo \u201cRGPD\u201d) y de la normativa nacional sobre protecci\u00f3n de los datos personales, se pone a disposici\u00f3n de quienes interact\u00faan con Zhermack S.p.A. a partir de la direcci\u00f3n:<\/span><\/p>\n<p><a href=\"https:\/\/magazine.zhermack.com\/\"><b>magazine.zhermack.com<\/b><\/a><\/p>\n<p><span style=\"font-weight: 400;\">Zhermack S.p.A. administra el mencionado sitio web con las sociedades subsidiarias Zhermack GmbH Deutschland, con sede en \u00d6hlm\u00fchle 10, D-49448 Marl, Alemania, y Zhermapol Sp. z o.o, con sede en ul. August\u00f3wka 14, 02-981 Varsovia, Polonia, solo para la realizaci\u00f3n en com\u00fan de actividades de marcadotecnia, incluyendo la elaboraci\u00f3n de perfiles.<\/span><\/p>\n<p><b>RESPONSABLE DEL TRATAMIENTO<\/b><\/p>\n<p><span style=\"font-weight: 400;\">El Responsable del tratamiento de los datos personales es Zhermack S.p.A., con sede en Badia Polesine (RO), via Bovazecchino n\u00ba 100.<\/span><\/p>\n<p><span style=\"font-weight: 400;\">Los datos de contacto de Zhermack S.p.A. son: el especialista legal, Elena Mora, domiciliada en la sede de la Empresa, la cual puede ser contactada a la siguiente direcci\u00f3n: <\/span><a href=\"mailto:privacy@zhermack.com\"><span style=\"font-weight: 400;\">privacy@zhermack.com<\/span><\/a><span style=\"font-weight: 400;\">.<\/span><\/p>\n<p><span style=\"font-weight: 400;\">Los datos de contacto del punto de contacto \u00fanico en la hip\u00f3tesis de corresponsabilidad con las empresas arriba indicadas, en relaci\u00f3n con las actividades de mercadotecnia efectuadas en com\u00fan son: el especialista legal, Elena Mora, domiciliada en la sede de Zhermack Spa, la cual puede ser contactada a la siguiente direcci\u00f3n: <\/span><a href=\"mailto:privacy@zhermack.com\"><span style=\"font-weight: 400;\">privacy@zhermack.com<\/span><\/a><span style=\"font-weight: 400;\">.<\/span><\/p>\n<p><b>ENCARGADO DE LA PROTECCI\u00d3N DE LOS DATOS<\/b><\/p>\n<p><span style=\"font-weight: 400;\">El Encargado de la protecci\u00f3n de los datos es Augusta Speiser, Responsable de la Protecci\u00f3n de datos del Grupo Dentsply Sirona (en adelante \u201cGroup DPO\u201d) al cual pertenece Zhermack S.p.A., a la cual el usuario puede hacer cualquier pregunta o solicitar informaciones, siempre que se cumplan los requisitos para ello, contact\u00e1ndola a la direcci\u00f3n e-mail <\/span><span style=\"font-weight: 400;\">augusta.speiser@dentsplysirona.com<\/span><span style=\"font-weight: 400;\"> o al n\u00famero +46313764423.<\/span><\/p>\n<p><b>PERSONAS AUTORIZADAS AL TRATAMIENTO DE LOS DATOS PERSONALES<\/b><\/p>\n<p><span style=\"font-weight: 400;\">El tratamiento de los datos personales de los usuarios del sitio web es efectuado exclusivamente por el personal autorizado por el Responsable o por los encargados del tratamiento.<\/span><\/p>\n<p><span style=\"font-weight: 400;\">El interesado puede conocer la identidad y los datos de contacto de los encargados del tratamiento, enviando una solicitud espec\u00edfica por mail a las direcciones arriba indicadas.<\/span><\/p>\n<p><b>SUMINISTRO DE LOS DATOS<\/b><\/p>\n<p><span style=\"font-weight: 400;\">El usuario puede suministrar o no los datos personales que se le solicitan.<\/span><\/p>\n<p><span style=\"font-weight: 400;\">Los datos personales recogidos y tratados son los necesarios para la prestaci\u00f3n de los servicios y para las operaciones efectuadas. Por lo tanto, si no se suministraran dichos datos, no podr\u00e1n ser efectuados los servicios o las operaciones que los necesitan.<\/span><\/p>\n<p><span style=\"font-weight: 400;\">En cumplimiento del art. 13 del RGPD, en el momento del eventual suministro de los datos, se facilitar\u00e1 al interesado una nota informativa, la cual incluye el responsable y los encargados del tratamiento y sus datos de contacto, las finalidades y las modalidades de los tratamientos, el car\u00e1cter obligatorio o facultativo del suministro de los datos, las consecuencias del deniego a suministrar los datos, las personas o categor\u00edas de personas a quienes pueden ser comunicados los datos y el \u00e1mbito de difusi\u00f3n de los mismos, el plazo de conservaci\u00f3n de los datos y los derechos que el RGPD reconoce al interesado (derecho a revocar el consentimiento, a presentar una reclamaci\u00f3n a la Autoridad para la protecci\u00f3n de los datos personales, derecho de acceso, derecho a que se completen los datos personales que sean incompletos, derecho de actualizaci\u00f3n, correcci\u00f3n, cancelaci\u00f3n por incumplimiento de la ley, oposici\u00f3n al tratamiento, limitaci\u00f3n, portabilidad, etc).<\/span><\/p>\n<p><span style=\"font-weight: 400;\">Se solicitar\u00e1 que el interesado preste su consentimiento informado, libre, manifestado en forma espec\u00edfica y documentado en la forma prevista por el RGPD y por la norm<\/span><span style=\"font-weight: 400;\">ativa nacional sobre la protecci\u00f3n de los datos personales, si as\u00ed lo exigieran. Si los datos se facilitaran en fases sucesivas, se podr\u00e1n completar las notas informativas proporcionadas anteriormente y podr\u00e1n ser solicitados, si fuera previsto, nuevos consentimientos al tratamiento dispuestos por el RGPD <\/span><span style=\"font-weight: 400;\">y por la norm<\/span><span style=\"font-weight: 400;\">ativa nacional sobre la protecci\u00f3n de los datos personales.<\/span><\/p>\n<p><b>FINALIDADES Y MODALIDADES DEL TRATAMIENTO (INCLUYENDO LA ELABORACI\u00d3N DE PERFILES) Y MEDIDAS DE SEGURIDAD.<\/b><\/p>\n<p><span style=\"font-weight: 400;\">En general, los datos personales recogidos son tratados para permitir la navegaci\u00f3n del sitio, prestar los servicios y las operaciones solicitadas y mejorar la calidad de los servicios. Con el consentimiento expreso del usuario, Zhermack S.p.A. (y sus Corresponsables) posteriormente podr\u00e1n tratar sus datos personales directamente, a los fines de mercadotecnia, cumpliendo con la normativa aplicable, mediante el uso de t\u00e9cnicas de comunicaci\u00f3n a distancia, tales como el tel\u00e9fono, inclusive sin operador, correo electr\u00f3nico, etc.<\/span><\/p>\n<p><span style=\"font-weight: 400;\">El suministro de los datos con esta finalidad es facultativo y el tratamiento exige el consentimiento del interesado. El consentimiento prestado para el env\u00edo de comunicaciones comerciales y promocionales mediante instrumentos automatizados se extiende tambi\u00e9n a las modalidades tradicionales de contacto. De cualquier forma, el interesado puede comprobar, revocar o confirmar sus elecciones mediante una solicitud enviada por mail a la direcci\u00f3n <\/span><a href=\"mailto:privacy@zhermack.com\"><span style=\"font-weight: 400;\">privacy@zhermack.com<\/span><\/a><span style=\"font-weight: 400;\">.<\/span><\/p>\n<p><span style=\"font-weight: 400;\">El tratamiento de los datos se realiza con modalidades electr\u00f3nicas y telem\u00e1ticas, seg\u00fan criterios estrictamente relacionados con las finalidades arriba indicadas y de todas formas, en modo tal que se garantice la seguridad y la confidencialidad de los datos. Se utilizan instrumentos seguros para proteger los datos personales contra su divulgaci\u00f3n indebida, alteraci\u00f3n o uso impropio, mediante el uso de redes de datos protegidas, firewall est\u00e1ndard del sector y protecci\u00f3n mediante el uso de contrase\u00f1as. Las protecciones activadas para la protecci\u00f3n de los datos personales, buscan, en especial, reducir al m\u00ednimo los riesgos de destrucci\u00f3n y p\u00e9rdida de los datos, inclusive con car\u00e1cter accidental, el acceso no autorizado o el tratamiento no autorizado o que no cumple con las finalidades de recogida. Dichas medidas de seguridad satisfacen los requisitos indicados en el art. \u00a032 del RGPD.<\/span><\/p>\n<p><span style=\"font-weight: 400;\">Con el consentimiento expreso del usuario y con instrumentos electr\u00f3nicos, se efect\u00faan actividades de an\u00e1lisis de los datos (\u00abelaboraci\u00f3n de perfiles\u00bb) para la potencial realizaci\u00f3n de un marketing selectivo seg\u00fan el perfil del usuario, para ofrecer ofertas espec\u00edficas. El consentimiento a la elaboraci\u00f3n de perfiles es prestado con una opci\u00f3n expl\u00edcita del usuario en la pantalla, que contiene el texto de la nota informativa donde se resumen los principales elementos del tratamiento. Posteriormente, el usuario puede siempre verificar, revocar o confirmar sus elecciones, mediante una solicitud enviada por mail a la direcci\u00f3n \u00a0<\/span><a href=\"mailto:privacy@zhermack.com\"><span style=\"font-weight: 400;\">privacy@zhermack.com<\/span><\/a><a href=\"about:blank\"><span style=\"font-weight: 400;\">.<\/span><\/a><\/p>\n<p><span style=\"font-weight: 400;\">La no prestaci\u00f3n del consentimiento para la elaboraci\u00f3n de perfiles har\u00eda imposible mejorar la oferta de mercadotecnia para satisfacer los intereses de los usuarios.<\/span><\/p>\n<p><span style=\"font-weight: 400;\">La elaboraci\u00f3n de perfiles de los usuarios se realiza mediante la utilizaci\u00f3n de identificadores (credenciales de autenticaci\u00f3n, etc.) que son necesarios para poder colocar a determinadas personas identificadas o identificables en determinadas clases de segmentaci\u00f3n de los datos personales, tambi\u00e9n mediante el cruce de los datos personales recogidos durante la prestaci\u00f3n del servicio. El tratamiento, porque es realizado con instrumentos electr\u00f3nicos para definir el perfil del interesado, ser\u00e1 objeto de una evaluaci\u00f3n del impacto sobre la protecci\u00f3n de los datos, <\/span><span style=\"font-weight: 400;\">con arreglo a los arts. 35 y 36 del RGPD. El interesado tiene siempre el derecho a no ser objeto de una decisi\u00f3n basada \u00fanicamente en el tratamiento automatizado, incluida la elaboraci\u00f3n de perfiles, que produzca efectos jur\u00eddicos en \u00e9l o le afecte significativamente de modo similar, como dispone el art. 22 del RGPD.<\/span><\/p>\n<p><span style=\"font-weight: 400;\">Los procedimientos de software utilizados para el funcionamiento del sitio web, adem\u00e1s de permitir las actividades de elaboraci\u00f3n de perfiles arriba indicadas mediante el uso de cookies, pueden tambi\u00e9n adquirir, durante su ejercicio normal, algunos datos personales relativos a la navegaci\u00f3n, cuya transmisi\u00f3n es impl\u00edcita en el uso de los protocolos de internet, para controlar el correcto funcionamiento del sitio y recabar informaciones sobre su utilizaci\u00f3n.<\/span> <span style=\"font-weight: 400;\">El trazado (LOG) de las conexiones\/navegaciones efectuadas se conserva seg\u00fan lo dispuesto por las normas legales para responder a eventuales peticiones provenientes de la autoridad judicial o de cualquier otro \u00f3rgano p\u00fablico con poderes para comprobar eventuales responsabilidades en caso de comisi\u00f3n de delitos inform\u00e1ticos. \u00a0<\/span><\/p>\n<p><b>DATOS PROPORCIONADOS POR EL USUARIO<\/b><\/p>\n<p><span style=\"font-weight: 400;\">El env\u00edo facultativo, expl\u00edcito y voluntario de correo electr\u00f3nico a las direcciones indicadas en este sitio web implica la posterior adquisici\u00f3n de la direcci\u00f3n del remitente, necesaria para responder a las solicitudes de \u00e9ste, y de los otros datos eventualmente incluidos en el mensaje. Dichos datos personales ser\u00e1n utilizados solo para prestar el servicio o ejecutar la prestaci\u00f3n solicitada.<\/span><\/p>\n<p><b>DATOS RECOGIDOS<\/b><\/p>\n<p><span style=\"font-weight: 400;\">Adem\u00e1s de los datos proporcionados libremente por el usuario, en el \u00e1mbito y en relaci\u00f3n a la navegaci\u00f3n se recoger\u00e1n los siguientes datos:<\/span><\/p>\n<ul>\n<li style=\"font-weight: 400;\"><span style=\"font-weight: 400;\">direcci\u00f3n IP<\/span><\/li>\n<li style=\"font-weight: 400;\"><span style=\"font-weight: 400;\">archivo consultado \u00a0<\/span><\/li>\n<li style=\"font-weight: 400;\"><span style=\"font-weight: 400;\">fecha y hora de acceso<\/span><\/li>\n<li style=\"font-weight: 400;\"><span style=\"font-weight: 400;\">explorador y sistema operativo utilizados \u00a0<\/span><\/li>\n<\/ul>\n<p><b>COMUNICACI\u00d3N DE LOS DATOS<\/b><\/p>\n<p><span style=\"font-weight: 400;\">Los datos personales podr\u00e1n ser comunicados a terceros para el cumplimiento de obligaciones legales o para cumplir las \u00f3rdenes provenientes de autoridades p\u00fablicas con poderes para ello o para el ejercicio o la defensa de reclamaciones.<\/span><\/p>\n<p><span style=\"font-weight: 400;\">Si fuera necesario en relaci\u00f3n a los espec\u00edficos servicios o productos solicitados, podr\u00eda ser necesario que los datos personales tengan que ser comunicados a terceros, los cuales podr\u00edan realizar, en calidad de responsables aut\u00f3nomos del tratamiento, operaciones estrictamente relacionadas e instrumentales para la prestaci\u00f3n de dichos servicios o al suministro de dichos productos. Sin dicha comunicaci\u00f3n, que es necesaria para la ejecuci\u00f3n de los servicios, estos servicios y productos no podr\u00edan ser suministrados.<\/span><\/p>\n<p><span style=\"font-weight: 400;\">Con el consentimiento de los interesados, si fuera exigido por ley y de todas formas, previa nota informativa adecuada que especifica las diversas finalidades, los datos personales podr\u00edan ser eventualmente comunicados a terceros, p\u00fablicos o privados, ajenos a Zhermack S.p.A., los cuales tratar\u00e1n los datos en calidad de responsables aut\u00f3nomos del tratamiento. Zhermack S.p.A. de ning\u00fan modo es responsable por el tratamiento de los datos personales realizado por dichos terceros.<\/span><\/p>\n<p><span style=\"font-weight: 400;\">Zhermack S.p.A. es parte del Grupo multinacional Dentsply Sirona, el cual posee base de datos en diversos pa\u00edses del mundo. Si fuera necesario para los fines por los cuales se recogen los datos, Zhermack S.p.A. podr\u00eda comunicar los datos personales a otras empresas del Grupo. Para conocer la lista de todos estos sujetos a los cuales los datos son comunicados, puede escribir a <\/span><a href=\"mailto:privacy@zhermack.com\"><span style=\"font-weight: 400;\">privacy@zhermack.com<\/span><\/a><span style=\"font-weight: 400;\">.<\/span><\/p>\n<p><span style=\"font-weight: 400;\">Los datos personales no ser\u00e1n divulgados, a menos que el servicio solicitado exija la publicaci\u00f3n del nombre.<\/span><\/p>\n<p><span style=\"font-weight: 400;\">Siempre dentro de las finalidades arriba mencionadas, los datos podr\u00edan ser transferidos tambi\u00e9n fuera de la UE, cumpliendo con las decisiones de adecuaci\u00f3n o las garant\u00edas adecuadas o convenientes adoptadas por la Comisi\u00f3n Europea o de todos modos, cumpliendo con lo dispuesto por las disposiciones vigentes: para obtener una copia de dichos datos o conocer el lugar donde fueron puestos a disposici\u00f3n escribir a <\/span><a href=\"mailto:privacy@zhermack.com\"><span style=\"font-weight: 400;\">privacy@zhermack.com<\/span><\/a><span style=\"font-weight: 400;\">.<\/span><\/p>\n<p><b>DERECHOS DEL USUARIO<\/b><\/p>\n<p><span style=\"font-weight: 400;\">Los arts. 15-22 del RGPD confieren al interesado una serie de derechos que pueden ser ejercidos frente al responsable del tratamiento de los datos personales que le conciernen.<\/span><\/p>\n<p><span style=\"font-weight: 400;\">En especial, el interesado tiene derecho de acceso a los datos personales, de rectificaci\u00f3n o supresi\u00f3n de los mismos, de obtener la limitaci\u00f3n del tratamiento o la oposici\u00f3n al mismo y derecho a la portabilidad.<\/span><\/p>\n<p><span style=\"font-weight: 400;\">El derecho de acceso puede ser ejercido con intervalos razonables, con el fin de tener una correcta y constante informaci\u00f3n sobre el tratamiento y para comprobar su licitud.<\/span><\/p>\n<p><span style=\"font-weight: 400;\">El derecho de supresi\u00f3n se refiere a los datos tratados incumpliendo la ley o en los otros casos previstos por el art. 17 del RGPD.<\/span><\/p>\n<p><span style=\"font-weight: 400;\">El interesado puede obtener del responsable la limitaci\u00f3n del tratamiento por el per\u00edodo necesario para la comprobaci\u00f3n de los datos personales de los cuales se impugna su exactitud, o cuando el tratamiento es il\u00edcito, prefiriendo la limitaci\u00f3n en lugar de la supresi\u00f3n de los datos, o cuando tenga la necesidad de disponer de dichos datos para la formulaci\u00f3n<\/span><span style=\"font-weight: 400;\">, el ejercicio o la defensa de reclamaciones,<\/span><span style=\"font-weight: 400;\"> incluso si el responsable ya no los necesita para el tratamiento, o por el per\u00edodo necesario para verificar la eventual prevalencia de motivos leg\u00edtimos del responsable respecto a los del interesado y por los cuales \u00e9ste \u00faltimo se opuso al tratamiento. <\/span><span style=\"font-weight: 400;\">En caso de limitaci\u00f3n, los datos personales ser\u00e1n tratados solo con el consentimiento del interesado o para la formulaci\u00f3n, el ejercicio o la defensa de reclamaciones o con miras a la protecci\u00f3n de los derechos de otra persona f\u00edsica o jur\u00eddica o por razones de inter\u00e9s p\u00fablico importante de la Uni\u00f3n Europea o de un determinado Estado miembro. De todas formas, el responsable lo informar\u00e1 antes de que proceda al levantamiento de dicha limitaci\u00f3n.<\/span><\/p>\n<p><span style=\"font-weight: 400;\">Por motivos relacionados con su situaci\u00f3n, el interesado tiene derecho a oponerse al tratamiento de los datos necesarios para el cumplimiento de una misi\u00f3n realizada en inter\u00e9s p\u00fablico o en el ejercicio de poderes p\u00fablicos conferido al responsable del tratamiento o para la satisfacci\u00f3n de un inter\u00e9s leg\u00edtimo del responsable. El Responsable se abstendr\u00e1 de seguir tratando dichos datos, a menos que no demuestre la existencia de motivos leg\u00edtimos imperiosos que prevalezcan sobre los del interesado. En cualquier momento, el interesado puede oponerse al tratamiento cuando los datos personales sean tratados con finalidades de mercadotecnia directa, incluyendo la elaboraci\u00f3n de perfiles. El derecho de oposici\u00f3n del interesado al tratamiento de los datos con finalidades de mercadotecnia efectuada con modalidades automatizadas de contacto se extiende a las tradicionales, sin perjuicio de la posibilidad que tiene el interesado de ejercer dicho derecho, total o parcialmente, es decir, oponi\u00e9ndose, por ejemplo, solo al env\u00edo de comunicaciones promocionales efectuado mediante instrumentos automatizados.<\/span><\/p>\n<p><span style=\"font-weight: 400;\">El intesado tiene derecho a la portabilidad de los datos (posibilidad de recibir los datos facilitados y eventualmente transmitirlos a otro responsable del tratamiento) en los casos permitidos por el RGPD (art. 20).<\/span><\/p>\n<p><span style=\"font-weight: 400;\">El interesado tiene derecho a no quedar sujeto a una decisi\u00f3n basada exclusivamente sobre un tratamiento automatizado, incluyendo la elaboraci\u00f3n de perfiles. Excepcionalmente, dicho tipo de tratamiento puede ser efectuado si lo permite el derecho de la Uni\u00f3n o del Estado miembro que se aplique al responsable o si el interesado hubiera dado su consentimiento o si fuera necesario a los fines del contrato. En estas \u00faltimas dos hip\u00f3tesis, el interesado tiene derecho a obtener una intervenci\u00f3n humana por parte del responsable, a expresar su punto de vista y a impugnar la decisi\u00f3n.<\/span><\/p>\n<p><span style=\"font-weight: 400;\">Con el consentimiento del interesado y con medidas adecuadas para la protecci\u00f3n de los derechos, libertades e intereses leg\u00edtimos, dicho tipo de tratamiento puede referirse tambi\u00e9n a los datos personales particulares.<\/span><\/p>\n<p><span style=\"font-weight: 400;\">Para el ejercicio de tales derechos puede dirigirse a los Contactos arriba indicados.<\/span><\/p>\n<p><b>PER\u00cdODO DE CONSERVACI\u00d3N<\/b><\/p>\n<p><span style=\"font-weight: 400;\">Los datos personales son tratados con instrumentos automatizados por el tiempo estrictamente necesario para los fines de la recogida y para alcanzar las finalidades del tratamiento, despu\u00e9s de lo cual, en general, se vuelven an\u00f3nimos y\/o son suprimidos. En especial:<\/span><\/p>\n<ul>\n<li style=\"font-weight: 400;\"><span style=\"font-weight: 400;\">para las informaciones solicitadas el plazo es el necesario para la documentaci\u00f3n de las actividades realizadas para dar una respuesta, el cual se indica en 18 meses;<\/span><\/li>\n<li style=\"font-weight: 400;\"><span style=\"font-weight: 400;\">para el tratamiento de las actividades de mercadotecnia y para la elaboraci\u00f3n de perfiles, el plazo de conservaci\u00f3n es de 24 meses desde la recogida del dato o desde la \u00faltima actividad del interesado.<\/span><\/li>\n<\/ul>\n<p><span style=\"font-weight: 400;\">Sin perjuicio de la facultad del interesado de solicitar siempre y en cualquier momento la supresi\u00f3n y\/o la anonimizaci\u00f3n de sus datos, en el momento del vencimiento del plazo de conservaci\u00f3n de los datos indicado, Zhermack S.p.A. podr\u00e1 solicitar al interesado, mediante e-mail, que manifieste su voluntad expresa de conservar sus datos (actualiz\u00e1ndolos si fuera necesario) por otro bienio. En caso de falta de consentimiento expreso a la conservaci\u00f3n, los datos ser\u00e1n suprimidos o se har\u00e1n an\u00f3nimos.<\/span><\/p>\n<p><b>NOTA INFORMATIVA SOBRE EL USO DE COOKIES<\/b><\/p>\n<p><span style=\"font-weight: 400;\">En el sitio web de Zhermack S.p.A. se utilizan las llamadas \u00abcookies\u00bb para facilitar el uso del mismo, en cumplimiento de la normativa aplicable, en especial de la resoluci\u00f3n n\u00ba 229 de 8 de mayo de 2014 de la Autoridad para la protecci\u00f3n de los datos personales.<\/span><\/p>\n<p><span style=\"font-weight: 400;\">Las cookies son archivos de texto que los sitios web visitados por los usuarios env\u00edan a sus terminales, donde son memorizados para ser retransmitidos a los mismos sitios en la siguiente visita.<\/span><\/p>\n<p><span style=\"font-weight: 400;\">Las cookies son utilizadas con diferentes finalidades: ejecuci\u00f3n de autenticaciones inform\u00e1ticas, monitoreo de sesiones, memorizaci\u00f3n de informaciones sobre las configuraciones espec\u00edficas referidas a los usuarios que acceden al servidor, memorizaci\u00f3n de las preferencias, etc.<\/span><\/p>\n<p><span style=\"font-weight: 400;\">Las informaciones recogidas con las cookies se obtienen tambi\u00e9n para aumentar la seguridad y\/o mejorar la funcionalidad del sitio, evitando la inserci\u00f3n repetida de datos, facilitan la navegaci\u00f3n y valorizan su contenido.<\/span><\/p>\n<p><span style=\"font-weight: 400;\">Para m\u00e1s informaciones sobre la tipolog\u00eda de cookies utilizadas y para modificar su aplicaci\u00f3n, el interesado puede consultar la <a href=\"https:\/\/magazine.zhermack.com\/es\/cookie\/\">Pol\u00edtica de Cookies<\/a><\/span><span style=\"font-weight: 400;\">\u00a0presente en el sitio <\/span><a href=\"https:\/\/magazine.zhermack.com\/\"><span style=\"font-weight: 400;\">magazine.zhermack.com<\/span><\/a><span style=\"font-weight: 400;\">. \u00a0\u00a0<\/span><\/p>\n","protected":false},"excerpt":{"rendered":"<p>Se describen a continuaci\u00f3n las modalidades de gesti\u00f3n del sitio web en relaci\u00f3n al tratamiento de los datos personales de los usuarios que, en calidad de interesados, lo consultan. La nota informativa que se expone a continuaci\u00f3n, con arreglo a los arts. 13 y 14 del Reglamento (UE) 2016\/679 del Parlamento europeo y del Consejo [&hellip;]<\/p>\n","protected":false},"author":1,"featured_media":0,"parent":0,"menu_order":0,"comment_status":"closed","ping_status":"closed","template":"","meta":{"_acf_changed":false,"footnotes":""},"class_list":["post-475","page","type-page","status-publish","hentry"],"acf":[],"aioseo_notices":[],"_links":{"self":[{"href":"https:\/\/magazine.zhermack.com\/es\/wp-json\/wp\/v2\/pages\/475","targetHints":{"allow":["GET"]}}],"collection":[{"href":"https:\/\/magazine.zhermack.com\/es\/wp-json\/wp\/v2\/pages"}],"about":[{"href":"https:\/\/magazine.zhermack.com\/es\/wp-json\/wp\/v2\/types\/page"}],"author":[{"embeddable":true,"href":"https:\/\/magazine.zhermack.com\/es\/wp-json\/wp\/v2\/users\/1"}],"replies":[{"embeddable":true,"href":"https:\/\/magazine.zhermack.com\/es\/wp-json\/wp\/v2\/comments?post=475"}],"version-history":[{"count":0,"href":"https:\/\/magazine.zhermack.com\/es\/wp-json\/wp\/v2\/pages\/475\/revisions"}],"wp:attachment":[{"href":"https:\/\/magazine.zhermack.com\/es\/wp-json\/wp\/v2\/media?parent=475"}],"curies":[{"name":"wp","href":"https:\/\/api.w.org\/{rel}","templated":true}]}}