{"id":67,"date":"2017-10-20T10:14:58","date_gmt":"2017-10-20T08:14:58","guid":{"rendered":"https:\/\/magazine.zhermack.com\/?page_id=67"},"modified":"2018-10-24T09:45:43","modified_gmt":"2018-10-24T07:45:43","slug":"privacy","status":"publish","type":"page","link":"https:\/\/magazine.zhermack.com\/it\/privacy\/","title":{"rendered":"Privacy"},"content":{"rendered":"<p>Di seguito sono descritte le modalit\u00e0 di gestione del sito Internet in relazione al trattamento dei dati personali degli utenti che, in qualit\u00e0 di interessati, lo consultano.<\/p>\n<p>L\u2019informativa di seguito riportata, ai sensi degli art. 13 e 14 del Regolamento (UE) 2016\/679 del Parlamento europeo e del Consiglio del 27 aprile 2016 (di seguito anche solo \u201cGDPR\u201d) e della normativa nazionale in materia di protezione dei dati personali, \u00e8 resa a coloro che interagiscono con Zhermack S.p.A. a partire dall\u2019indirizzo:<\/p>\n<p><strong><a href=\"https:\/\/magazine.zhermack.com\">magazine.zhermack.com<\/a><\/strong><\/p>\n<p>Zhermack S.p.A. gestisce altres\u00ec il citato sito in contitolarit\u00e0 con le societ\u00e0 sussidiarie Zhermack GmbH Deutschland, con sede in \u00d6hlm\u00fchle 10, D-49448 Marl, Germania, e Zhermapol Sp. z o.o, con sede in ul. August\u00f3wka 14, 02-981 Varsavia, Polonia, limitatamente allo svolgimento in comune di attivit\u00e0 di marketing, inclusa la profilazione.<\/p>\n<p><strong>TITOLARE DEL TRATTAMENTO<\/strong><\/p>\n<p>Titolare del trattamento dei dati personali \u00e8 Zhermack S.p.A., con sede in Badia Polesine (RO), via Bovazecchino n. 100.<\/p>\n<p>I dati di contatto di Zhermack S.p.A. sono: il Legal Specialist, nella persona di Elena Mora, domiciliata presso Zhermack Spa e contattabile al seguente indirizzo: <a href=\"mailto:privacy@zhermack.com\">privacy@zhermack.com<\/a>.<\/p>\n<p>I dati di contatto del referente unico per l\u2019ipotesi di contitolarit\u00e0 con le Societ\u00e0 sopraindicate in relazione alle attivit\u00e0 di marketing svolte in comune sono: il Legal Specialist, nella persona di Elena Mora, domiciliata presso Zhermack Spa e contattabile al seguente indirizzo: <a href=\"mailto:privacy@zhermack.com\">privacy@zhermack.com<\/a>.<\/p>\n<p><strong>RESPONSABILE DELLA PROTEZIONE DEI DATI<\/strong><\/p>\n<p>Il Responsabile della protezione dei dati \u00e8 il Data Protection Officer del Gruppo Dentsply Sirona (\u201cGroup DPO\u201d), di cui Zhermack S.p.A. fa parte, nella persona di Augusta Speiser, alla quale l\u2019utente pu\u00f2 indirizzare tutte le domande o richieste di informazioni, purch\u00e9 ne sussistano i presupposti, ricorrendo all\u2019e-mail <a href=\"mailto:augusta.speiser@dentsplysirona.com\">augusta.speiser@dentsplysirona.com<\/a> o al numero +46313764423.<\/p>\n<p><strong>SOGGETTI AUTORIZZATI AL TRATTAMENTO DI DATI PERSONALI<\/strong><\/p>\n<p>Il trattamento di dati personali degli utenti del sito \u00e8 curato esclusivamente dal personale autorizzato al trattamento da parte del titolare o dei responsabili del trattamento.<\/p>\n<p>L&#8217;interessato pu\u00f2 conoscere l\u2019identit\u00e0 e i dati di contatto dei responsabili del trattamento, inviando una specifica richiesta via e-mail agli indirizzi sopra indicati.<\/p>\n<p><strong>CONFERIMENTO DEI DATI<\/strong><\/p>\n<p>L&#8217;utente \u00e8 libero di conferire o meno i dati personali richiesti.<\/p>\n<p>Le tipologie di dati personali raccolti e trattati sono quelle necessarie alla erogazione dei servizi forniti ed alle attivit\u00e0 svolte. Pertanto, qualora tali dati non fossero conferiti, non potranno essere forniti i servizi o svolte le attivit\u00e0 che li richiedono.<\/p>\n<p>Nel rispetto dell&#8217;art. 13 del GDPR, al momento dell&#8217;eventuale conferimento dei dati all&#8217;interessato \u00e8 fornita un&#8217;informativa indicante il titolare ed i responsabili del trattamento ed i relativi dati di contatto, le finalit\u00e0 e le modalit\u00e0 dei trattamenti, il carattere obbligatorio o facoltativo del conferimento dei dati, le conseguenze del mancato conferimento, i soggetti o le categorie di soggetti cui i dati personali possono essere comunicati e l&#8217;ambito di diffusione dei dati medesimi, il periodo di conservazione dei dati ed i diritti riconosciuti all\u2019interessato dal GDPR (diritto di revoca del consenso, di proporre reclamo all\u2019Autorit\u00e0 Garante per la protezione dei dati personali, di accesso, integrazione, aggiornamento, correzione, cancellazione per violazione di legge, opposizione al trattamento, limitazione, portabilit\u00e0, ecc.).<\/p>\n<p>L&#8217;interessato \u00e8 chiamato ad esprimere il suo consenso informato, libero, espresso in forma specifica e documentato nella forma prevista dal GDPR e dalla normativa nazionale in materia di protezione dei dati personali, ove richiesto dai medesimi. Qualora i conferimenti di dati personali avvengano in fasi successive, potranno essere fornite integrazioni alle informative gi\u00e0 rese in precedenza e richiesti, se previsto, i nuovi consensi al trattamento disposti dal GDPR e dalla normativa nazionale in materia di protezione dei dati personali.<\/p>\n<p><strong>FINALITA\u2019 E MODALITA\u2019 DEL TRATTAMENTO (INCLUSA LA PROFILAZIONE) E MISURE DI SICUREZZA.<\/strong><\/p>\n<p>I dati personali raccolti sono in linea generale trattati al fine di consentire la navigazione nel sito, di fornire i servizi e le attivit\u00e0 richiesti e di migliorare la qualit\u00e0 dei servizi. Con il consenso espresso dell&#8217;utente, il trattamento dei suoi dati personali direttamente da parte di Zhermack S.p.A. (e dei Contitolari) per fini di marketing potr\u00e0 successivamente avvenire, nel rispetto della normativa di riferimento, con uso di tecniche di comunicazione a distanza quali telefono, anche senza operatore, posta elettronica, ecc.<\/p>\n<p>Il conferimento dei dati per questa finalit\u00e0 \u00e8 facoltativo e il trattamento richiede il consenso dell&#8217;interessato. Il consenso prestato per l&#8217;invio di comunicazioni commerciali e promozionali tramite strumenti automatizzati si estende anche alle modalit\u00e0 tradizionali di contatto. In ogni caso, l&#8217;utente pu\u00f2 verificare, revocare o confermare le sue scelte con una richiesta via mail all&#8217;indirizzo <a href=\"mailto:privacy@zhermack.com\">privacy@zhermack.com<\/a>.<\/p>\n<p>Il trattamento dei dati avviene con modalit\u00e0 elettroniche e telematiche, secondo logiche strettamente correlate alle finalit\u00e0 sopraindicate e, comunque, in modo tale da garantire la sicurezza e la riservatezza dei dati. Sono utilizzati strumenti sicuri al fine di proteggere i dati personali dall&#8217;indebita divulgazione, alterazione od uso improprio, attraverso l\u2019uso di reti di dati protette, firewall standard del settore e protezione tramite password. Le protezioni attivate nei confronti dei dati personali si propongono, in particolare, di ridurre al minimo i rischi di distruzione o di perdita, anche accidentale, dei dati, di accesso non autorizzato o di trattamento non consentito o non conforme alle finalit\u00e0 della raccolta. Dette misure di sicurezza rispondono ai requisiti indicati dall\u2019art. 32 del GDPR.<\/p>\n<p>Con il consenso espresso dell&#8217;utente sono effettuate, con strumenti elettronici, attivit\u00e0 di analisi dei dati (&#8220;profilazione&#8221;) allo scopo di condurre analisi in vista di un potenziale marketing selettivo secondo il profilo dell&#8217;utente, al fine di offrire offerte mirate. Il consenso alla profilazione viene espresso con una esplicita opzione dell&#8217;utente in una schermata, che contiene il testo dell&#8217;informativa nella quale sono riepilogati i principali elementi del trattamento. L&#8217;utente pu\u00f2, in seguito, sempre verificare, revocare o confermare le sue scelte con una richiesta via mail all&#8217;indirizzo <a href=\"mailto:privacy@zhermack.com.\">privacy@zhermack.com.<\/a><\/p>\n<p>Il mancato consenso alle attivit\u00e0 di profilazione renderebbe impossibile migliorare l&#8217;offerta di marketing in modo da renderla conforme agli interessi degli utenti.<\/p>\n<p>La profilazione degli utenti avviene mediante utilizzo di identificatori (credenziali di autenticazione, etc.) che sono necessari per ricondurre soggetti determinati identificati o identificabili a determinate classi di segmentazione di dati personali, anche mediante incroci dei dati personali raccolti nell&#8217;erogare il servizio. Il trattamento, essendo svolto con l&#8217;ausilio di strumenti elettronici per definire il profilo dell&#8217;interessato, \u00e8 oggetto di una valutazione d\u2019impatto sulla protezione dei dati ai sensi degli art. 35 e 36 del GDPR. L\u2019interessato ha sempre il diritto di non essere sottoposto a una decisione basata unicamente sul trattamento automatizzato, compresa la profilazione, che produca effetti giuridici che lo riguardano o che incida in modo analogo significativamente sulla sua persona, secondo quanto disposto nell\u2019art. 22 del GDPR.<\/p>\n<p>Le procedure software preposte al funzionamento del sito, oltre a consentire mediante cookie di svolgere le attivit\u00e0 di profilazione sopra indicate, possono inoltre acquisire, nel corso del loro normale esercizio, alcuni dati personali relativi alla navigazione la cui trasmissione \u00e8 implicita nell&#8217;uso dei protocolli di comunicazione di Internet, al fine di controllare il corretto funzionamento del sito e ricavarne informazioni sul suo utilizzo. Il tracciato (LOG) delle connessioni\/navigazioni effettuate \u00e8 conservato secondo quanto disposto dalle norme di legge per rispondere alle eventuali richieste provenienti dall&#8217;autorit\u00e0 giudiziaria o da altro organo pubblico legittimato per l&#8217;accertamento di eventuali responsabilit\u00e0 in caso di reati informatici.<\/p>\n<p><strong>DATI CONFERITI DALL\u2019UTENTE<\/strong><\/p>\n<p>L&#8217;invio facoltativo, esplicito e volontario di posta elettronica agli indirizzi indicati su questo sito comporta la successiva acquisizione dell&#8217;indirizzo del mittente, necessario per rispondere alle richieste, nonch\u00e9 degli eventuali altri dati personali inseriti nel messaggio. Tali dati personali saranno utilizzati al solo fine di eseguire il servizio o la prestazione richiesta.<\/p>\n<p><strong>DATI RACCOLTI<\/strong><\/p>\n<p>Oltre a quelli liberamente conferiti dall&#8217;utente, nell&#8217;ambito e in relazione alla navigazione si proceder\u00e0 alla raccolta dei seguenti dati:<\/p>\n<ul>\n<li>indirizzo IP<\/li>\n<li>file consultato<\/li>\n<li>data e ora di accesso<\/li>\n<li>browser e sistema operativo utilizzati<\/li>\n<\/ul>\n<p><strong>COMUNICAZIONE DEI DATI<\/strong><\/p>\n<p>I dati personali potranno essere comunicati a terzi per adempiere ad obblighi di legge, ovvero per rispettare ordini provenienti da pubbliche autorit\u00e0 a ci\u00f2 legittimate ovvero per fare valere o difendere un diritto in sede giudiziaria.<\/p>\n<p>Se necessario in relazione a particolari servizi o prodotti richiesti, potrebbe essere necessario che i dati personali debbano essere comunicati a soggetti terzi che potrebbero svolgere, in qualit\u00e0 di autonomi titolari del trattamento, funzioni strettamente connesse e strumentali alla prestazione di detti servizi o alla fornitura di detti prodotti. Senza la comunicazione, necessaria per l\u2019esecuzione dei servizi, questi servizi e prodotti non potrebbero essere forniti.<\/p>\n<p>Con il consenso degli interessati, se richiesto dalla legge, e comunque previa adeguata informativa che specifica le varie finalit\u00e0, i dati personali potrebbero eventualmente essere comunicati a soggetti terzi, pubblici e privati, estranei a Zhermack S.p.A., che li tratteranno in qualit\u00e0 di autonomi titolari del trattamento. Dei trattamenti dei dati personali eseguiti da detti terzi Zhermack S.p.A. non \u00e8 in alcun modo responsabile.<\/p>\n<p>Zhermack S.p.A. \u00e8 parte del Gruppo multinazionale Dentsply Sirona che detiene banche dati in diversi Stati del mondo. Se necessario per gli scopi per i quali i dati sono stati raccolti, Zhermack S.p.A. potrebbe comunicare i dati personali ad altre societ\u00e0 del Gruppo. Per conoscere l&#8217;elenco di tutti questi soggetti, ai quali i dati sono comunicati, si pu\u00f2 scrivere a <a href=\"mailto:privacy@zhermack.com\">privacy@zhermack.com<\/a>.<\/p>\n<p>I dati personali non saranno diffusi, salvo che il servizio richiesto richieda la pubblicazione del nome.<\/p>\n<p>Sempre nell&#8217;ambito delle finalit\u00e0 sopra esposte, i dati potrebbero essere trasferiti anche al di fuori della UE, nel rispetto delle decisioni di adeguatezza ovvero nel rispetto delle garanzie appropriate o opportune adottate dalla Commissione UE ovvero comunque nel rispetto di quanto altrimenti disposto dalle disposizioni vigenti: per ottenere copia di tali dati o il luogo dove sono stati resi disponibili scrivere a <a href=\"mailto:privacy@zhermack.com\">privacy@zhermack.com<\/a>.<\/p>\n<p><strong>\u00a0<\/strong><\/p>\n<p><strong>DIRITTI DELL\u2019UTENTE<\/strong><\/p>\n<p>Il GDPR agli artt. 15-22 conferisce all\u2019interessato una serie di diritti da poter esercitare nei confronti del titolare del trattamento dei dati personali che lo riguardano.<\/p>\n<p>In particolare, gli \u00e8 conferito il diritto di accesso ai dati personali, di rettifica o cancellazione dei medesimi, di ottenere la limitazione del trattamento ovvero l\u2019opposizione allo stesso e la portabilit\u00e0.<\/p>\n<p>Il diritto di accesso ai dati pu\u00f2 essere esercitato ad intervalli ragionevoli, al fine di avere una corretta e costante informazione sul trattamento e di verificarne la liceit\u00e0.<\/p>\n<p>Il diritto alla cancellazione riguarda i dati personali trattati in violazione della legge o negli altri casi previsti dall\u2019art. 17 del GDPR.<\/p>\n<p>L\u2019 interessato pu\u00f2 ottenere dal titolare la limitazione del trattamento per il periodo necessario alla verifica dei dati personali di cui contesta l\u2019esattezza, ovvero quando il trattamento \u00e8 illecito, preferendo la limitazione alla cancellazione dei dati, o qualora abbia la necessit\u00e0 di disporre di tali dati per l\u2019accertamento, l\u2019esercizio o la difesa di un diritto in sede giudiziaria, anche se il titolare non ne abbia pi\u00f9 bisogno ai fini del trattamento, ovvero per il periodo necessario alla verifica in merito all\u2019eventuale prevalenza dei motivi legittimi del titolare rispetto all\u2019 interessato e per i quali quest\u2019ultimo si \u00e8 opposto al trattamento. In caso di limitazione, i dati personali saranno trattati solo con il consenso dell\u2019interessato o per l\u2019accertamento, l\u2019esercizio o la difesa di un diritto in sede giudiziaria oppure per tutelare i diritti di un\u2019altra persona fisica o giuridica o per motivi di interesse pubblico rilevante dell\u2019Unione Europea o di uno Stato membro. In ogni caso l\u2019interessato verr\u00e0 informato dal titolare prima che questi proceda alla revoca di detta limitazione.<\/p>\n<p>Per motivi connessi alla sua situazione, l\u2019interessato ha il diritto di opporsi al trattamento di dati necessario per l\u2019esecuzione di un compito di interesse pubblico o connesso all\u2019esercizio di pubblici poteri di cui \u00e8 investito il titolare del trattamento, ovvero per il perseguimento del legittimo interesse del titolare. Il titolare si asterr\u00e0 dal trattare ulteriormente tali dati, a meno che non dimostri l\u2019esistenza di motivi legittimi cogenti che prevalgono su quelli dell\u2019interessato. Questi pu\u00f2 opporsi in qualsiasi momento al trattamento quando i dati personali siano trattati per finalit\u00e0 di marketing diretto, compresa la profilazione. Il diritto di opposizione al trattamento dei dati per le finalit\u00e0 di marketing effettuato con modalit\u00e0 automatizzate di contatto si estende a quelle tradizionali, restando salva per l\u2019interessato la possibilit\u00e0 di esercitare tale diritto in tutto o in parte, ossia opponendosi, ad esempio, al solo invio di comunicazioni promozionali effettuato tramite strumenti automatizzati.<\/p>\n<p>L\u2019interessato ha diritto alla portabilit\u00e0 dei dati (la possibilit\u00e0 di ricevere i dati forniti ed eventualmente di trasmetterli ad altro titolare del trattamento) nei casi in cui sia ammesso dal GDPR (art. 20).<\/p>\n<p>L\u2019interessato ha diritto a non essere sottoposto a una decisione basata esclusivamente su un trattamento automatizzato, compresa la profilazione. Eccezionalmente, tale tipo di trattamento \u00e8 possibile se autorizzato dal diritto dell\u2019Unione o dello Stato membro cui \u00e8 soggetto il titolare, ovvero se da lui consentito o se necessario a fini contrattuali. Nelle ultime due ipotesi l\u2019interessato ha comunque il diritto di ottenere un intervento umano da parte del titolare, di esprimere la propria opinione e di contestare la decisione. Con il consenso dell\u2019interessato e misure adeguate a tutela di diritti, libert\u00e0 e legittimi interessi, tale tipo di trattamento pu\u00f2 riguardare anche i dati personali particolari.<\/p>\n<p>Per l\u2019esercizio di tali diritti l\u2019interessato pu\u00f2 rivolgersi ai Contatti sopra indicati.<\/p>\n<p><strong>PERIODO DI CONSERVAZIONE<\/strong><\/p>\n<p>I dati personali sono trattati con strumenti automatizzati per il tempo strettamente necessario in relazione agli scopi di raccolta e all\u2019espletamento della finalit\u00e0, dopodich\u00e9 sono di norma anonimizzati e\/o cancellati. In particolare:<\/p>\n<ul>\n<li>per le informazioni richieste il termine \u00e8 quello necessario alla documentazione delle attivit\u00e0 svolte ai fini del riscontro, che si indica in 18 mesi;<\/li>\n<li>per il trattamento a fini di marketing e a fini di profilazione il termine di conservazione dei dati \u00e8 di 24 mesi dalla raccolta del dato o dall\u2019ultima attivit\u00e0 dell\u2019interessato.<\/li>\n<\/ul>\n<p>Ferma restando la facolt\u00e0 dell\u2019interessato di chiedere sempre in ogni momento la cancellazione e\/o anonimizzazione dei suoi dati, al termine cos\u00ec indicato di conservazione dei dati, Zhermack S.p.A. potr\u00e0 chiedere con e-mail all\u2019interessato di manifestare la sua volont\u00e0 espressa di ulteriormente conservare i dati (eventualmente aggiornandoli) per un ulteriore biennio. In difetto di espresso consenso alla conservazione i dati saranno cancellati o resi anonimi.<\/p>\n<p><strong>INFORMATIVA SULL\u2019UTILIZZO DI COOKIE<\/strong><\/p>\n<p>Sul sito Zhermack S.p.A. utilizza i cosiddetti &#8220;cookie&#8221; al fine di consentirne un utilizzo agevole, nel rispetto della normativa di riferimento, in particolare del provvedimento n. 229 dell&#8217;8 maggio 2014 dell\u2019Autorit\u00e0 Garante per la protezione dei dati personali.<\/p>\n<p>I cookie sono file di testo che i siti visitati dagli utenti inviano ai loro terminali, ove sono memorizzati per essere ritrasmessi agli stessi siti alla visita successiva.<\/p>\n<p>I cookie sono usati per differenti finalit\u00e0: esecuzione di autenticazioni informatiche, monitoraggio di sessioni, memorizzazione di informazioni su specifiche configurazioni riguardanti gli utenti che accedono al server, memorizzazione delle preferenze, ecc.<\/p>\n<p>Le informazioni raccolte con i cookie vengono anche rilevate per aumentare la sicurezza e\/o migliorare la funzionalit\u00e0 del sito, evitano l&#8217;inserimento ripetuto di dati, facilitano la navigazione e valorizzano il contenuto.<\/p>\n<p>Per maggiori informazioni relative alla tipologia di cookie utilizzati e per modificarne l\u2019applicazione nei suoi riguardi, l\u2019interessato pu\u00f2 visualizzare la <a href=\"https:\/\/magazine.zhermack.com\/cookie\/\">Cookie Policy<\/a> presente sul sito <a href=\"https:\/\/magazine.zhermack.com\">magazine.zhermack.com<\/a>.<\/p>\n","protected":false},"excerpt":{"rendered":"<p>Di seguito sono descritte le modalit\u00e0 di gestione del sito Internet in relazione al trattamento dei dati personali degli utenti che, in qualit\u00e0 di interessati, lo consultano. L\u2019informativa di seguito riportata, ai sensi degli art. 13 e 14 del Regolamento (UE) 2016\/679 del Parlamento europeo e del Consiglio del 27 aprile 2016 (di seguito anche [&hellip;]<\/p>\n","protected":false},"author":1,"featured_media":0,"parent":0,"menu_order":0,"comment_status":"closed","ping_status":"closed","template":"","meta":{"_acf_changed":false,"footnotes":""},"class_list":["post-67","page","type-page","status-publish","hentry"],"acf":[],"aioseo_notices":[],"_links":{"self":[{"href":"https:\/\/magazine.zhermack.com\/it\/wp-json\/wp\/v2\/pages\/67","targetHints":{"allow":["GET"]}}],"collection":[{"href":"https:\/\/magazine.zhermack.com\/it\/wp-json\/wp\/v2\/pages"}],"about":[{"href":"https:\/\/magazine.zhermack.com\/it\/wp-json\/wp\/v2\/types\/page"}],"author":[{"embeddable":true,"href":"https:\/\/magazine.zhermack.com\/it\/wp-json\/wp\/v2\/users\/1"}],"replies":[{"embeddable":true,"href":"https:\/\/magazine.zhermack.com\/it\/wp-json\/wp\/v2\/comments?post=67"}],"version-history":[{"count":0,"href":"https:\/\/magazine.zhermack.com\/it\/wp-json\/wp\/v2\/pages\/67\/revisions"}],"wp:attachment":[{"href":"https:\/\/magazine.zhermack.com\/it\/wp-json\/wp\/v2\/media?parent=67"}],"curies":[{"name":"wp","href":"https:\/\/api.w.org\/{rel}","templated":true}]}}